{"id":3,"date":"2012-02-20T08:36:31","date_gmt":"2012-02-20T07:36:31","guid":{"rendered":"http:\/\/catedramiguelhernandez.zeus.umh.es\/inicio\/"},"modified":"2025-01-17T12:00:40","modified_gmt":"2025-01-17T11:00:40","slug":"presentacion","status":"publish","type":"page","link":"https:\/\/catedramiguelhernandez.umh.es\/ca\/","title":{"rendered":"Inicio"},"content":{"rendered":"<p>[et_pb_section fb_built=&#8221;1&#8243; admin_label=&#8221;section&#8221; _builder_version=&#8221;4.16&#8243; global_colors_info=&#8221;{}&#8221;][et_pb_row admin_label=&#8221;row&#8221; _builder_version=&#8221;4.16&#8243; background_size=&#8221;initial&#8221; background_position=&#8221;top_left&#8221; background_repeat=&#8221;repeat&#8221; global_colors_info=&#8221;{}&#8221;][et_pb_column type=&#8221;4_4&#8243; _builder_version=&#8221;4.16&#8243; custom_padding=&#8221;|||&#8221; global_colors_info=&#8221;{}&#8221; custom_padding__hover=&#8221;|||&#8221;][et_pb_text admin_label=&#8221;Text&#8221; _builder_version=&#8221;4.17.4&#8243; text_text_color=&#8221;#000000&#8243; text_font_size=&#8221;16px&#8221; header_font=&#8221;|700|||||||&#8221; header_text_color=&#8221;#000000&#8243; header_2_font=&#8221;|700|||||||&#8221; header_2_text_color=&#8221;#000000&#8243; background_size=&#8221;initial&#8221; background_position=&#8221;top_left&#8221; background_repeat=&#8221;repeat&#8221; text_orientation=&#8221;justified&#8221; global_colors_info=&#8221;{}&#8221;]<\/p>\n<p><strong>Bienvenido a la web de la C\u00e1tedra Miguel Hern\u00e1ndez.<\/strong><\/p>\n<p><strong><\/strong><\/p>\n<h1><strong>PRESENTACI\u00d3N<\/strong><\/h1>\n<p>Las C\u00e1tedras Institucionales son organismos creados por las Universidades para potenciar el desarrollo de actividades acad\u00e9micas y de investigaci\u00f3n en torno a materias concretas de cualquier \u00e1rea del conocimiento. Una de sus principales funciones es la de establecer v\u00ednculos de uni\u00f3n entre la Universidad y la Sociedad sirviendo de cauce para el intercambio de conocimientos y experiencias.<\/p>\n<p>&nbsp;<\/p>\n<h2>FUNCIONES<\/h2>\n<p>Las funciones que tiene asignadas la C\u00e1tedra \u201cMiguel Hern\u00e1ndez\u201d son las siguientes:<\/p>\n<ol>\n<li>Propagar entre el entorno m\u00e1s pr\u00f3ximo y en la comunidad universitaria la vida y obra de Miguel Hern\u00e1ndez, difundiendo los valores que le caracterizaron.<\/li>\n<li>Favorecer la promoci\u00f3n, impulso y desarrollo de cuantas acciones y actividades puedan contribuir a mejorar la proyecci\u00f3n social de la C\u00e1tedra.<\/li>\n<li>Fomentar la colaboraci\u00f3n y la realizaci\u00f3n de convenios con otras instituciones y organismos p\u00fablicos y privados, para los objetivos propios de la C\u00e1tedra.<\/li>\n<li>Organizar y fomentar cursos, seminarios, reuniones cient\u00edficas y foros abiertos de debate y reflexi\u00f3n, as\u00ed como programas de estudio e investigaci\u00f3n.<\/li>\n<\/ol>\n<p>&nbsp;<\/p>\n<h2>OBJETIVOS<\/h2>\n<p>Con la puesta en funcionamiento de la C\u00e1tedra \u201cMiguel Hern\u00e1ndez\u201d, la Universidad Miguel Hern\u00e1ndez de Elche pretende alcanzar los siguientes objetivos:<\/p>\n<ol>\n<li>Potenciar el estudio de la obra de Miguel Hern\u00e1ndez, tanto po\u00e9tica, como teatral, epistolar, period\u00edstica y ensay\u00edstica.<\/li>\n<li>Difundir su vida y obra, especialmente en los \u00e1mbitos universitarios y acad\u00e9micos, acrecentando los v\u00ednculos sociales de la Universidad Miguel Hern\u00e1ndez de Elche.<\/li>\n<li>Propiciar la realizaci\u00f3n de proyectos de investigaci\u00f3n y tesis doctorales sobre distintos aspectos de la biograf\u00eda y bibliograf\u00eda hernandiana.<\/li>\n<li>Editar publicaciones especializadas en Miguel Hern\u00e1ndez.<\/li>\n<li>Organizar congresos, seminarios, encuentros, cursos de verano, en torno a la figura de Miguel Hern\u00e1ndez<\/li>\n<li>Crear una secci\u00f3n hernandiana en la biblioteca de la Universidad Miguel Hern\u00e1ndez de Elche.<\/li>\n<li>Colaborar con todas aquellas instituciones, organizaciones y asociaciones p\u00fablicas o privadas que realicen actividades hernandianas.<\/li>\n<li>Establecer convenios de patrocinio y mecenazgo con instituciones p\u00fablicas o privadas que deseen colaborar en la realizaci\u00f3n de las actividades organizadas por esta C\u00e1tedra.<\/li>\n<\/ol>\n<p>&nbsp;<\/p>\n<p>[\/et_pb_text][\/et_pb_column][\/et_pb_row][\/et_pb_section][et_pb_section fb_built=&#8221;1&#8243; theme_builder_area=&#8221;post_content&#8221; _builder_version=&#8221;4.17.4&#8243; _module_preset=&#8221;default&#8221; custom_padding=&#8221;||54px|||&#8221;][\/et_pb_section]<\/p>\n","protected":false},"excerpt":{"rendered":"<p>Bienvenido a la web de la C\u00e1tedra Miguel Hern\u00e1ndez. PRESENTACI\u00d3N Las C\u00e1tedras Institucionales son organismos creados por las Universidades para potenciar el desarrollo de actividades acad\u00e9micas y de investigaci\u00f3n en torno a materias concretas de cualquier \u00e1rea del conocimiento. Una de sus principales funciones es la de establecer v\u00ednculos de uni\u00f3n entre la Universidad y [&hellip;]<\/p>\n","protected":false},"author":1,"featured_media":0,"parent":0,"menu_order":0,"comment_status":"closed","ping_status":"open","template":"","meta":{"_et_pb_use_builder":"on","_et_pb_old_content":"<strong>Bienvenido a la web de la C\u00e1tedra Miguel Hern\u00e1ndez.<\/strong>","_et_gb_content_width":"","_links_to":"","_links_to_target":""},"_links":{"self":[{"href":"https:\/\/catedramiguelhernandez.umh.es\/ca\/wp-json\/wp\/v2\/pages\/3"}],"collection":[{"href":"https:\/\/catedramiguelhernandez.umh.es\/ca\/wp-json\/wp\/v2\/pages"}],"about":[{"href":"https:\/\/catedramiguelhernandez.umh.es\/ca\/wp-json\/wp\/v2\/types\/page"}],"author":[{"embeddable":true,"href":"https:\/\/catedramiguelhernandez.umh.es\/ca\/wp-json\/wp\/v2\/users\/1"}],"replies":[{"embeddable":true,"href":"https:\/\/catedramiguelhernandez.umh.es\/ca\/wp-json\/wp\/v2\/comments?post=3"}],"version-history":[{"count":0,"href":"https:\/\/catedramiguelhernandez.umh.es\/ca\/wp-json\/wp\/v2\/pages\/3\/revisions"}],"wp:attachment":[{"href":"https:\/\/catedramiguelhernandez.umh.es\/ca\/wp-json\/wp\/v2\/media?parent=3"}],"curies":[{"name":"wp","href":"https:\/\/api.w.org\/{rel}","templated":true}]}}