{"id":523,"date":"2023-02-15T12:55:58","date_gmt":"2023-02-15T11:55:58","guid":{"rendered":"https:\/\/catedramiguelhernandez.umh.es\/?page_id=523"},"modified":"2023-02-15T13:49:01","modified_gmt":"2023-02-15T12:49:01","slug":"galeria-de-imagenes","status":"publish","type":"page","link":"https:\/\/catedramiguelhernandez.umh.es\/ca\/galeria-de-imagenes\/","title":{"rendered":"<span lang=\"es\">(Espa\u00f1ol) Galer\u00eda de im\u00e1genes<\/span>"},"content":{"rendered":"<p>[et_pb_section fb_built=&#8221;1&#8243; _builder_version=&#8221;4.17.4&#8243; _module_preset=&#8221;default&#8221; global_colors_info=&#8221;{}&#8221;][et_pb_row _builder_version=&#8221;4.17.4&#8243; _module_preset=&#8221;default&#8221; global_colors_info=&#8221;{}&#8221;][et_pb_column type=&#8221;4_4&#8243; _builder_version=&#8221;4.17.4&#8243; _module_preset=&#8221;default&#8221; global_colors_info=&#8221;{}&#8221;][et_pb_text _builder_version=&#8221;4.17.4&#8243; _module_preset=&#8221;default&#8221; header_font=&#8221;|700|||||||&#8221; header_text_color=&#8221;#000000&#8243; global_colors_info=&#8221;{}&#8221;]<\/p>\n<h1>GALER\u00cdA DE IM\u00c1GENES<\/h1>\n<p>[\/et_pb_text][et_pb_gallery gallery_ids=&#8221;529,532,535,538,541,544,547,550,553,556,559,562,565,568,571,574,577,580,583,586,589&#8243; posts_number=&#8221;8&#8243; _builder_version=&#8221;4.17.4&#8243; _module_preset=&#8221;default&#8221; hover_enabled=&#8221;0&#8243; global_colors_info=&#8221;{}&#8221; show_title_and_caption=&#8221;off&#8221; pagination_text_color=&#8221;#651906&#8243; sticky_enabled=&#8221;0&#8243; zoom_icon_color=&#8221;#651906&#8243;][\/et_pb_gallery][\/et_pb_column][\/et_pb_row][\/et_pb_section]<\/p>\n","protected":false},"excerpt":{"rendered":"<p>GALER\u00cdA DE IM\u00c1GENES<\/p>\n","protected":false},"author":23459,"featured_media":0,"parent":0,"menu_order":0,"comment_status":"closed","ping_status":"closed","template":"","meta":{"_et_pb_use_builder":"on","_et_pb_old_content":"","_et_gb_content_width":"","_links_to":"","_links_to_target":""},"_links":{"self":[{"href":"https:\/\/catedramiguelhernandez.umh.es\/ca\/wp-json\/wp\/v2\/pages\/523"}],"collection":[{"href":"https:\/\/catedramiguelhernandez.umh.es\/ca\/wp-json\/wp\/v2\/pages"}],"about":[{"href":"https:\/\/catedramiguelhernandez.umh.es\/ca\/wp-json\/wp\/v2\/types\/page"}],"author":[{"embeddable":true,"href":"https:\/\/catedramiguelhernandez.umh.es\/ca\/wp-json\/wp\/v2\/users\/23459"}],"replies":[{"embeddable":true,"href":"https:\/\/catedramiguelhernandez.umh.es\/ca\/wp-json\/wp\/v2\/comments?post=523"}],"version-history":[{"count":0,"href":"https:\/\/catedramiguelhernandez.umh.es\/ca\/wp-json\/wp\/v2\/pages\/523\/revisions"}],"wp:attachment":[{"href":"https:\/\/catedramiguelhernandez.umh.es\/ca\/wp-json\/wp\/v2\/media?parent=523"}],"curies":[{"name":"wp","href":"https:\/\/api.w.org\/{rel}","templated":true}]}}