{"id":8,"date":"2012-02-20T08:52:39","date_gmt":"2012-02-20T08:52:39","guid":{"rendered":"http:\/\/catedramiguelhernandez.zeus.umh.es\/el-poeta\/enlaces-de-interes\/"},"modified":"2023-03-01T13:58:23","modified_gmt":"2023-03-01T12:58:23","slug":"enlaces-de-interes","status":"publish","type":"page","link":"https:\/\/catedramiguelhernandez.umh.es\/ca\/el-poeta\/enlaces-de-interes\/","title":{"rendered":"<span lang=\"es\">(Espa\u00f1ol) Enlaces de inter\u00e9s<\/span>"},"content":{"rendered":"<p>[et_pb_section fb_built=&#8221;1&#8243; _builder_version=&#8221;4.16&#8243; global_colors_info=&#8221;{}&#8221;][et_pb_row _builder_version=&#8221;4.16&#8243; background_size=&#8221;initial&#8221; background_position=&#8221;top_left&#8221; background_repeat=&#8221;repeat&#8221; global_colors_info=&#8221;{}&#8221;][et_pb_column type=&#8221;4_4&#8243; _builder_version=&#8221;4.16&#8243; custom_padding=&#8221;|||&#8221; global_colors_info=&#8221;{}&#8221; custom_padding__hover=&#8221;|||&#8221;][et_pb_text _builder_version=&#8221;4.17.4&#8243; _module_preset=&#8221;default&#8221; header_font=&#8221;|700|||||||&#8221; header_text_color=&#8221;#000000&#8243; custom_margin=&#8221;||12px|||&#8221; global_colors_info=&#8221;{}&#8221;]<\/p>\n<h1>ENLACES DE INTER\u00c9S<\/h1>\n<p>[\/et_pb_text][et_pb_text _builder_version=&#8221;4.17.4&#8243; text_text_color=&#8221;#000000&#8243; text_font_size=&#8221;16px&#8221; background_size=&#8221;initial&#8221; background_position=&#8221;top_left&#8221; background_repeat=&#8221;repeat&#8221; text_orientation=&#8221;justified&#8221; global_colors_info=&#8221;{}&#8221;]<\/p>\n<ul>\n<li style=\"list-style-type: none;\">\n<ul>\n<li style=\"list-style-type: none;\">\n<ul>\n<li><span style=\"text-decoration: underline;\"><span style=\"color: #0000ff; text-decoration: underline;\"><strong><a title=\"Fundaci\u00f3n Miguel Hern\u00e1ndez\" href=\"http:\/\/www.miguelhernandezvirtual.es\/\" target=\"_blank\" rel=\"noopener\" style=\"color: #0000ff; text-decoration: underline;\">Fundaci\u00f3n cultural Miguel Hern\u00e1ndez. Orihuela.<\/a><\/strong><\/span><\/span>\u00a0(Abre en nueva ventana)<\/li>\n<li><span style=\"text-decoration: underline;\"><span style=\"color: #0000ff; text-decoration: underline;\"><strong><a href=\"https:\/\/www.dipujaen.es\/microsites\/miguel-hernandez\/legado-miguel-hernandez\/guia-legado.html\" target=\"_blank\" rel=\"noreferrer noopener\" style=\"color: #0000ff; text-decoration: underline;\">Legado Miguel Hern\u00e1ndez. Ja\u00e9n.<\/a><\/strong><\/span><\/span><strong>\u00a0<\/strong>(Abre en nueva ventana)<\/li>\n<li><span style=\"text-decoration: underline;\"><span style=\"color: #0000ff; text-decoration: underline;\"><strong><a href=\"http:\/\/www.elecohernandiano.com\/\" target=\"_blank\" rel=\"noopener\" style=\"color: #0000ff; text-decoration: underline;\">El Eco Hernandiano.<\/a><\/strong><\/span><\/span><span style=\"color: #0000ff;\"><strong> <\/strong><\/span><span style=\"color: #0000ff;\"><strong><\/strong><\/span>(Abre en nueva ventana)<\/li>\n<\/ul>\n<\/li>\n<\/ul>\n<\/li>\n<\/ul>\n<p>[\/et_pb_text][\/et_pb_column][\/et_pb_row][\/et_pb_section]<\/p>\n","protected":false},"excerpt":{"rendered":"<p>ENLACES DE INTER\u00c9S Fundaci\u00f3n cultural Miguel Hern\u00e1ndez. Orihuela.\u00a0(Abre en nueva ventana) Legado Miguel Hern\u00e1ndez. Ja\u00e9n.\u00a0(Abre en nueva ventana) El Eco Hernandiano. (Abre en nueva ventana)<\/p>\n","protected":false},"author":1,"featured_media":0,"parent":6,"menu_order":20,"comment_status":"closed","ping_status":"open","template":"","meta":{"_et_pb_use_builder":"on","_et_pb_old_content":"<div><ul><li><strong><a title=\"Fundaci\u00f3n Miguel Hern\u00e1ndez\" href=\"http:\/\/www.miguelhernandezvirtual.es\/\" target=\"_blank\" rel=\"noopener\">Fundaci\u00f3n cultural Miguel Hern\u00e1ndez. Orihuela.<\/a><\/strong><\/li><li><strong><a href=\"https:\/\/www.dipujaen.es\/microsites\/miguel-hernandez\/legado-miguel-hernandez\/guia-legado.html\" target=\"_blank\" rel=\"noreferrer noopener\">Legado Miguel Hern\u00e1ndez. Ja\u00e9n.<\/a><\/strong><\/li><li><strong><a title=\"Asociaci\u00f3n de Amigos de Miguel Hern\u00e1ndez\" href=\"http:\/\/www.amigosmiguelhernandez.org\/\" target=\"_blank\" rel=\"noopener\">Asociaci\u00f3n de Amigos de Miguel Hern\u00e1ndez.<\/a><\/strong><\/li><li><strong><a href=\"http:\/\/www.elecohernandiano.com\/\" target=\"_blank\" rel=\"noopener\">El Eco Hernandiano.<\/a><\/strong><\/li><\/ul><\/div>","_et_gb_content_width":"","_links_to":"","_links_to_target":""},"_links":{"self":[{"href":"https:\/\/catedramiguelhernandez.umh.es\/ca\/wp-json\/wp\/v2\/pages\/8"}],"collection":[{"href":"https:\/\/catedramiguelhernandez.umh.es\/ca\/wp-json\/wp\/v2\/pages"}],"about":[{"href":"https:\/\/catedramiguelhernandez.umh.es\/ca\/wp-json\/wp\/v2\/types\/page"}],"author":[{"embeddable":true,"href":"https:\/\/catedramiguelhernandez.umh.es\/ca\/wp-json\/wp\/v2\/users\/1"}],"replies":[{"embeddable":true,"href":"https:\/\/catedramiguelhernandez.umh.es\/ca\/wp-json\/wp\/v2\/comments?post=8"}],"version-history":[{"count":0,"href":"https:\/\/catedramiguelhernandez.umh.es\/ca\/wp-json\/wp\/v2\/pages\/8\/revisions"}],"up":[{"embeddable":true,"href":"https:\/\/catedramiguelhernandez.umh.es\/ca\/wp-json\/wp\/v2\/pages\/6"}],"wp:attachment":[{"href":"https:\/\/catedramiguelhernandez.umh.es\/ca\/wp-json\/wp\/v2\/media?parent=8"}],"curies":[{"name":"wp","href":"https:\/\/api.w.org\/{rel}","templated":true}]}}