{"id":436,"date":"2023-02-15T12:40:15","date_gmt":"2023-02-15T11:40:15","guid":{"rendered":"https:\/\/catedramiguelhernandez.umh.es\/?page_id=436"},"modified":"2024-04-14T00:06:25","modified_gmt":"2024-04-13T22:06:25","slug":"actividades","status":"publish","type":"page","link":"https:\/\/catedramiguelhernandez.umh.es\/en\/actividades\/","title":{"rendered":"<span lang=\"es\">(Espa\u00f1ol) Actividades<\/span>"},"content":{"rendered":"<p>[et_pb_section fb_built=&#8221;1&#8243; _builder_version=&#8221;4.17.4&#8243; _module_preset=&#8221;default&#8221; global_colors_info=&#8221;{}&#8221;][et_pb_row _builder_version=&#8221;4.17.4&#8243; _module_preset=&#8221;default&#8221; global_colors_info=&#8221;{}&#8221;][et_pb_column type=&#8221;4_4&#8243; _builder_version=&#8221;4.17.4&#8243; _module_preset=&#8221;default&#8221; global_colors_info=&#8221;{}&#8221;][et_pb_text _builder_version=&#8221;4.17.4&#8243; _module_preset=&#8221;default&#8221; header_font=&#8221;|700|||||||&#8221; header_text_color=&#8221;#000000&#8243; global_colors_info=&#8221;{}&#8221;]<\/p>\n<h1>ACTIVIDADES<\/h1>\n<p>[\/et_pb_text][et_pb_text _builder_version=&#8221;4.17.4&#8243; _module_preset=&#8221;default&#8221; text_font_size=&#8221;16px&#8221; global_colors_info=&#8221;{}&#8221;]<\/p>\n<p><span style=\"text-decoration: underline;color: #0000ff\"><a href=\"https:\/\/catedramiguelhernandez.umh.es\/files\/2023\/02\/ACTOS-Catedra-2022.pdf\" target=\"_blank\" rel=\"noopener\" style=\"color: #0000ff;text-decoration: underline\">PDF Actos C\u00e1tedra 2022<\/a><\/span><\/p>\n<p><span style=\"text-decoration: underline;color: #0000ff\"><a href=\"https:\/\/catedramiguelhernandez.umh.es\/files\/2023\/02\/Memoria-Catedra-2020-y-2021-.pdf\" target=\"_blank\" rel=\"noopener\" style=\"color: #0000ff;text-decoration: underline\">PDF Actos C\u00e1tedra 2020-21<\/a><\/span><\/p>\n<p><a href=\"https:\/\/catedramiguelhernandez.umh.es\/archivo\/\"><span style=\"text-decoration: underline;color: #0000ff\">Archivo<\/span><\/a><\/p>\n<p>[\/et_pb_text][et_pb_text _builder_version=&#8221;4.17.4&#8243; _module_preset=&#8221;default&#8221; header_font=&#8221;|700|||||||&#8221; header_text_color=&#8221;#000000&#8243; header_2_font=&#8221;|700|||||||&#8221; header_2_text_color=&#8221;#000000&#8243; hover_enabled=&#8221;0&#8243; global_colors_info=&#8221;{}&#8221; sticky_enabled=&#8221;0&#8243; text_text_color=&#8221;#000000&#8243; locked=&#8221;off&#8221;]<\/p>\n<h2>Galer\u00eda de carteles actos Hernandianos 2023-24<\/h2>\n<p>[\/et_pb_text][et_pb_gallery gallery_ids=&#8221;969,966,963&#8243; posts_number=&#8221;8&#8243; orientation=&#8221;portrait&#8221; show_title_and_caption=&#8221;off&#8221; zoom_icon_color=&#8221;#651906&#8243; _builder_version=&#8221;4.17.4&#8243; _module_preset=&#8221;default&#8221; pagination_text_color=&#8221;#651906&#8243; hover_enabled=&#8221;0&#8243; global_colors_info=&#8221;{}&#8221; sticky_enabled=&#8221;0&#8243; locked=&#8221;off&#8221;][\/et_pb_gallery][et_pb_text _builder_version=&#8221;4.17.4&#8243; _module_preset=&#8221;default&#8221; header_font=&#8221;|700|||||||&#8221; header_text_color=&#8221;#000000&#8243; header_2_font=&#8221;|700|||||||&#8221; header_2_text_color=&#8221;#000000&#8243; hover_enabled=&#8221;0&#8243; global_colors_info=&#8221;{}&#8221; sticky_enabled=&#8221;0&#8243; text_text_color=&#8221;#000000&#8243;]<\/p>\n<h2>Galer\u00eda de carteles actos Hernandianos 2021-22<\/h2>\n<p>[\/et_pb_text][et_pb_gallery gallery_ids=&#8221;448,451,454,457,460,463,466,469,472,475,478,481,484,487,490,493&#8243; posts_number=&#8221;8&#8243; orientation=&#8221;portrait&#8221; show_title_and_caption=&#8221;off&#8221; zoom_icon_color=&#8221;#651906&#8243; _builder_version=&#8221;4.17.4&#8243; _module_preset=&#8221;default&#8221; pagination_text_color=&#8221;#651906&#8243; hover_enabled=&#8221;0&#8243; global_colors_info=&#8221;{}&#8221; sticky_enabled=&#8221;0&#8243;][\/et_pb_gallery][\/et_pb_column][\/et_pb_row][\/et_pb_section][et_pb_section fb_built=&#8221;1&#8243; theme_builder_area=&#8221;post_content&#8221; _builder_version=&#8221;4.17.4&#8243; _module_preset=&#8221;default&#8221;][et_pb_row _builder_version=&#8221;4.17.4&#8243; _module_preset=&#8221;default&#8221; theme_builder_area=&#8221;post_content&#8221;][et_pb_column _builder_version=&#8221;4.17.4&#8243; _module_preset=&#8221;default&#8221; theme_builder_area=&#8221;post_content&#8221; type=&#8221;4_4&#8243;][\/et_pb_column][\/et_pb_row][\/et_pb_section]<\/p>\n","protected":false},"excerpt":{"rendered":"<p>ACTIVIDADESPDF Actos C\u00e1tedra 2022 PDF Actos C\u00e1tedra 2020-21 ArchivoGaler\u00eda de carteles actos Hernandianos 2023-24Galer\u00eda de carteles actos Hernandianos 2021-22<\/p>\n","protected":false},"author":23459,"featured_media":0,"parent":0,"menu_order":0,"comment_status":"closed","ping_status":"closed","template":"","meta":{"_et_pb_use_builder":"on","_et_pb_old_content":"","_et_gb_content_width":"","_links_to":"","_links_to_target":""},"_links":{"self":[{"href":"https:\/\/catedramiguelhernandez.umh.es\/en\/wp-json\/wp\/v2\/pages\/436"}],"collection":[{"href":"https:\/\/catedramiguelhernandez.umh.es\/en\/wp-json\/wp\/v2\/pages"}],"about":[{"href":"https:\/\/catedramiguelhernandez.umh.es\/en\/wp-json\/wp\/v2\/types\/page"}],"author":[{"embeddable":true,"href":"https:\/\/catedramiguelhernandez.umh.es\/en\/wp-json\/wp\/v2\/users\/23459"}],"replies":[{"embeddable":true,"href":"https:\/\/catedramiguelhernandez.umh.es\/en\/wp-json\/wp\/v2\/comments?post=436"}],"version-history":[{"count":0,"href":"https:\/\/catedramiguelhernandez.umh.es\/en\/wp-json\/wp\/v2\/pages\/436\/revisions"}],"wp:attachment":[{"href":"https:\/\/catedramiguelhernandez.umh.es\/en\/wp-json\/wp\/v2\/media?parent=436"}],"curies":[{"name":"wp","href":"https:\/\/api.w.org\/{rel}","templated":true}]}}